{"id":15086,"date":"2017-04-08T11:50:28","date_gmt":"2017-04-08T11:50:28","guid":{"rendered":"http:\/\/entw.sanju.ch\/?page_id=15086"},"modified":"2018-03-23T14:09:25","modified_gmt":"2018-03-23T14:09:25","slug":"ueber-mich","status":"publish","type":"page","link":"https:\/\/www.severinonegri.com\/de\/ueber-mich\/","title":{"rendered":"\u00dcber mich"},"content":{"rendered":"<div class=\"wpb-content-wrapper\"><p>[vc_row css_animation=&#8220;&#8220; row_type=&#8220;row&#8220; use_row_as_full_screen_section=&#8220;no&#8220; type=&#8220;grid&#8220; angled_section=&#8220;no&#8220; text_align=&#8220;left&#8220; background_image_as_pattern=&#8220;without_pattern&#8220; background_color=&#8220;#f6f6f6&#8243; padding_top=&#8220;87&#8243; padding_bottom=&#8220;0&#8243;][vc_column][vc_column_text]<\/p>\n<h2 style=\"text-align: center;\">PROFIL<\/h2>\n<p>[\/vc_column_text][vc_separator type=&#8220;small&#8220; position=&#8220;center&#8220; up=&#8220;7&#8243; down=&#8220;38&#8243;][\/vc_column][\/vc_row][vc_row css_animation=&#8220;&#8220; row_type=&#8220;row&#8220; use_row_as_full_screen_section=&#8220;no&#8220; type=&#8220;grid&#8220; angled_section=&#8220;no&#8220; text_align=&#8220;left&#8220; background_image_as_pattern=&#8220;without_pattern&#8220; background_color=&#8220;#f6f6f6&#8243;][vc_column width=&#8220;1\/4&#8243;][vc_separator type=&#8220;transparent&#8220; up=&#8220;7&#8243;][vc_single_image image=&#8220;16244&#8243; img_size=&#8220;300&#215;450&#8243; alignment=&#8220;right&#8220; style=&#8220;vc_box_shadow&#8220; qode_css_animation=&#8220;element_from_left&#8220; transition_delay=&#8220;0.3&#8243; css=&#8220;.vc_custom_1512415969461{background-position: 0 0 !important;background-repeat: no-repeat !important;}&#8220;][vc_separator type=&#8220;transparent&#8220; up=&#8220;15&#8243;][\/vc_column][vc_column width=&#8220;3\/4&#8243;][vc_separator type=&#8220;transparent&#8220; up=&#8220;7&#8243;][vc_row_inner row_type=&#8220;row&#8220; type=&#8220;full_width&#8220; text_align=&#8220;left&#8220; css_animation=&#8220;element_from_right&#8220; transition_delay=&#8220;0.3&#8243;][vc_column_inner width=&#8220;1\/4&#8243;][vc_column_text]<\/p>\n<p style=\"text-align: right;\">Name:<\/p>\n<p style=\"text-align: right;\">Geburtsdatum:<\/p>\n<p style=\"text-align: right;\">Nationalit\u00e4t:<\/p>\n<p style=\"text-align: right;\">Ausbildung:<\/p>\n<p>[\/vc_column_text][vc_separator type=&#8220;transparent&#8220; up=&#8220;15&#8243;][vc_separator type=&#8220;transparent&#8220; thickness=&#8220;8&#8243; up=&#8220;18&#8243;][vc_column_text]<\/p>\n<p style=\"text-align: right;\">Sprachen:<\/p>\n<p style=\"text-align: right;\">Dialekte:<\/p>\n<p style=\"text-align: right;\">Gr\u00f6sse:<\/p>\n<p style=\"text-align: right;\">Haare:<\/p>\n<p style=\"text-align: right;\">Augen:<\/p>\n<p style=\"text-align: right;\">Wohnort:<\/p>\n<p style=\"text-align: right;\">Sport:<\/p>\n<p style=\"text-align: right;\">F\u00e4higkeiten:<\/p>\n<p style=\"text-align: right;\">F\u00fchrerausweis:<\/p>\n<p>[\/vc_column_text][\/vc_column_inner][vc_column_inner width=&#8220;3\/4&#8243;][vc_column_text]Severino Negri<\/p>\n<p>12. Dezember 1979<\/p>\n<p>Schweizer<\/p>\n<p>European Film Actor School, Z\u00fcrich<\/p>\n<p>Die Tankstelle, 10er-Block, Sigrid Andersson System, Berlin<\/p>\n<p>Bernard Hiller Advanced Masterclass, Hollywood, Los Angeles[\/vc_column_text][vc_column_text]Deutsch, English, Franz\u00f6sisch, Schweizerdeutsch<\/p>\n<p>Schweizerdeutsch \u2013 ZH, GR, BS, SG, BE<\/p>\n<p>185 cm<\/p>\n<p>hellbraun<\/p>\n<p>gr\u00fcn blau<\/p>\n<p>Z\u00fcrich<\/p>\n<p>Basketball, Fussball, Schwimmen, Skifahren, Beach Volleyball, Wandern<\/p>\n<p>Zaubern, Filmkampf, Schiessen, Reiten<\/p>\n<p>A1 \/ B \/ D1 \/ BE \/ D1E[\/vc_column_text][\/vc_column_inner][\/vc_row_inner][vc_separator type=&#8220;transparent&#8220; up=&#8220;15&#8243;][\/vc_column][\/vc_row][vc_row css_animation=&#8220;&#8220; row_type=&#8220;row&#8220; use_row_as_full_screen_section=&#8220;no&#8220; type=&#8220;full_width&#8220; angled_section=&#8220;no&#8220; text_align=&#8220;left&#8220; background_image_as_pattern=&#8220;without_pattern&#8220; background_color=&#8220;#f6f6f6&#8243;][vc_column][vc_separator type=&#8220;transparent&#8220; up=&#8220;17&#8243; down=&#8220;35&#8243;]<div class=\"call_to_action with_icon\" style=\"\"><div class=\"container_inner\"><div class=\"two_columns_75_25 clearfix\"><div class=\"text_wrapper column1\"><div class=\"call_to_action_icon_holder\"><div class=\"call_to_action_icon\"><div class=\"call_to_action_icon_inner\"><i class='fa fa-download pull-left . fa-2x'><\/i><\/div><\/div><\/div><div class=\"call_to_action_text \" style=\"\">Lebenslauf als PDF herunterladen.<\/div><\/div><div class=\"button_wrapper column2\"><a itemprop=\"url\" href=\"https:\/\/www.severinonegri.com\/wp-content\/uploads\/Lebenslauf-Severino-Negri.pdf\" class=\"qbutton white \" target=\"_blank\" style=\"\" data-hover-background-color=#ffffff data-hover-color=#006666>Download<\/a><\/div><\/div><\/div><\/div>[\/vc_column][\/vc_row][vc_row css_animation=&#8220;&#8220; row_type=&#8220;row&#8220; use_row_as_full_screen_section=&#8220;no&#8220; type=&#8220;grid&#8220; angled_section=&#8220;no&#8220; text_align=&#8220;left&#8220; background_image_as_pattern=&#8220;without_pattern&#8220; background_color=&#8220;#ffffff&#8220; padding_top=&#8220;87&#8243; padding_bottom=&#8220;0&#8243;][vc_column][vc_column_text]<\/p>\n<h2 style=\"text-align: center;\">BIOGRAFIE<\/h2>\n<p>[\/vc_column_text][vc_separator type=&#8220;small&#8220; position=&#8220;center&#8220; up=&#8220;7&#8243; down=&#8220;38&#8243;][\/vc_column][\/vc_row][vc_row css_animation=&#8220;element_from_bottom&#8220; row_type=&#8220;row&#8220; use_row_as_full_screen_section=&#8220;no&#8220; type=&#8220;grid&#8220; angled_section=&#8220;no&#8220; text_align=&#8220;left&#8220; background_image_as_pattern=&#8220;without_pattern&#8220; background_color=&#8220;#ffffff&#8220; transition_delay=&#8220;0.3&#8243;][vc_column]<div class='testimonials_holder clearfix '><div class=\"testimonials testimonials_carousel\" data-show-navigation=\"no\" data-animation-type=\"fade\" data-animation-speed=\"0.3\" data-auto-rotate-slides=\"0\" data-number-per-slide=\"1\"><ul class=\"slides\"><li id=\"testimonials15100\" class=\"testimonial_content\"><div class=\"testimonial_content_inner\"><div class=\"testimonial_text_holder\"><div class=\"testimonial_text_inner\" style=\"\"><p >Erfolg im Leben zu haben bedeutet: Oft und viel zu lachen; die Achtung intelligenter Menschen und die Zuneigung von Kindern zu gewinnen; die Anerkennung aufrichtiger Kritiker zu verdienen und den Verrat falscher Freunde zu ertragen; Sch\u00f6nheit zu bewundern, in anderen das Beste zu finden; die Welt ein wenig besser zu verlassen, ob durch ein gesundes Kind, einen bestellten Garten oder einen kleinen Beitrag zur Verbesserung der Gesellschaft; zu wissen, da\u00df wenigstens das Leben eines Menschen leichter war, weil Du gelebt hast \u2013 das bedeutet, nicht umsonst gelebt zu haben.<\/p><p class=\"testimonial_author\" style=\"\">Ralph Waldo Emerson (1803 - 1882) <\/p><\/div><\/div><\/div><\/li><\/ul><\/div><\/div>[\/vc_column][\/vc_row][vc_row css_animation=&#8220;&#8220; row_type=&#8220;row&#8220; use_row_as_full_screen_section=&#8220;no&#8220; type=&#8220;grid&#8220; angled_section=&#8220;no&#8220; text_align=&#8220;left&#8220; background_image_as_pattern=&#8220;without_pattern&#8220; background_color=&#8220;#ffffff&#8220;][vc_column][vc_separator type=&#8220;transparent&#8220; up=&#8220;35&#8243; down=&#8220;17&#8243;][vc_column_text]Geboren an einem kalten Wintertag im Dezember 1979, bin ich, zusammen mit meinem j\u00fcngeren Bruder, bei meinen Eltern aufgewachsen. Nach den obligaten Schuljahren absolvierte ich eine Lehre zum kaufm\u00e4nnischen Angestellten in einer Schweizer Privat Bank. Zur selben Zeit erlangte ich zus\u00e4tzlich die Berufsmaturit\u00e4t und erf\u00fcllte so die Voraussetzungen f\u00fcr ein Studium an der Universit\u00e4t oder Fachhochschule. Schlussendlich studierte ich berufsbegleitend Betriebs\u00f6konomie neben meiner 80%-Anstellung und schloss 2005 als dipl. Betriebs\u00f6konom FH ab.<\/p>\n<p>&nbsp;<\/p>\n<p>Im Alter von neun Jahren lehrte mich mein Grossvater meinen ersten Zaubertrick. Seither trainiere und perfektioniere ich diese wunderbare Kunst der Fingerfertigkeit, T\u00e4uschung, Irref\u00fchrung und Unterhaltung. Sp\u00e4ter erweiterte ich meine F\u00e4higkeiten mit Gedankenlesen und anderen Mentalkunstst\u00fccken, Psychologie, Suggestion und Hypnose.<\/p>\n<p>&nbsp;<\/p>\n<p>Meine ersten Schritte als Schauspieler machte ich im Alter von f\u00fcnfzehn Jahren auf einer Theaterb\u00fchne. Ich begann mit kleinen Nebenrollen und arbeitete mich bis zu den Hauptrollen vor. Haupts\u00e4chlich spielte ich Kom\u00f6dien und Farsen.<\/p>\n<p>&nbsp;<\/p>\n<p>Seit 2003 werde ich als Schauspieler, Sprecher und Model f\u00fcr Werbung im Druck, TV und Kino gebucht. Ich hatte das Vergn\u00fcgen unter anderem mit Regisseuren wie Reto Salimbeni, Eli Sverdlov und Lydia Zimmermann oder mit den Schauspielerinnen Carla Juri und Barbara Terpoorten zu arbeiten. Mit langj\u00e4hriger Theatererfahrung rutsche ich immer mehr in die Welt des Filmes und begann daher eine Weiterbildung an der European Film Acting School in Z\u00fcrich und an der Tankstelle, 10er-Block, Sigrid Andersson System in Berlin wo ich die Kunst des Schauspiels im Film erlernte. Zudem besuchte ich Bernard Hillers Advanced Masterclass in Hollywood, Los Angeles und London zur Weiterbildung im Schauspiel.<\/p>\n<p>&nbsp;<\/p>\n<p>Nebenbei schreibe ich Drehb\u00fccher, alleine und auch in Zusammenarbeit mit anderen Schauspielern und Regisseuren.[\/vc_column_text][vc_separator type=&#8220;transparent&#8220; up=&#8220;35&#8243; down=&#8220;35&#8243;][\/vc_column][\/vc_row]<\/p>\n<\/div>","protected":false},"excerpt":{"rendered":"<p>[vc_row css_animation=&#8220;&#8220; row_type=&#8220;row&#8220; use_row_as_full_screen_section=&#8220;no&#8220; type=&#8220;grid&#8220; angled_section=&#8220;no&#8220; text_align=&#8220;left&#8220; background_image_as_pattern=&#8220;without_pattern&#8220; background_color=&#8220;#f6f6f6&#8243; padding_top=&#8220;87&#8243; padding_bottom=&#8220;0&#8243;][vc_column][vc_column_text] PROFIL [\/vc_column_text][vc_separator type=&#8220;small&#8220; position=&#8220;center&#8220; up=&#8220;7&#8243; down=&#8220;38&#8243;][\/vc_column][\/vc_row][vc_row css_animation=&#8220;&#8220; row_type=&#8220;row&#8220; use_row_as_full_screen_section=&#8220;no&#8220; type=&#8220;grid&#8220; angled_section=&#8220;no&#8220; text_align=&#8220;left&#8220; background_image_as_pattern=&#8220;without_pattern&#8220; background_color=&#8220;#f6f6f6&#8243;][vc_column width=&#8220;1\/4&#8243;][vc_separator type=&#8220;transparent&#8220; up=&#8220;7&#8243;][vc_single_image image=&#8220;16244&#8243; img_size=&#8220;300&#215;450&#8243; alignment=&#8220;right&#8220; style=&#8220;vc_box_shadow&#8220; qode_css_animation=&#8220;element_from_left&#8220; transition_delay=&#8220;0.3&#8243; css=&#8220;.vc_custom_1512415969461{background-position: 0 0 !important;background-repeat: no-repeat !important;}&#8220;][vc_separator type=&#8220;transparent&#8220; up=&#8220;15&#8243;][\/vc_column][vc_column width=&#8220;3\/4&#8243;][vc_separator type=&#8220;transparent&#8220; up=&#8220;7&#8243;][vc_row_inner&#8230;<\/p>\n","protected":false},"author":1,"featured_media":0,"parent":0,"menu_order":0,"comment_status":"closed","ping_status":"closed","template":"full_width.php","meta":{"footnotes":""},"class_list":["post-15086","page","type-page","status-publish","hentry"],"_links":{"self":[{"href":"https:\/\/www.severinonegri.com\/de\/wp-json\/wp\/v2\/pages\/15086","targetHints":{"allow":["GET"]}}],"collection":[{"href":"https:\/\/www.severinonegri.com\/de\/wp-json\/wp\/v2\/pages"}],"about":[{"href":"https:\/\/www.severinonegri.com\/de\/wp-json\/wp\/v2\/types\/page"}],"author":[{"embeddable":true,"href":"https:\/\/www.severinonegri.com\/de\/wp-json\/wp\/v2\/users\/1"}],"replies":[{"embeddable":true,"href":"https:\/\/www.severinonegri.com\/de\/wp-json\/wp\/v2\/comments?post=15086"}],"version-history":[{"count":14,"href":"https:\/\/www.severinonegri.com\/de\/wp-json\/wp\/v2\/pages\/15086\/revisions"}],"predecessor-version":[{"id":16296,"href":"https:\/\/www.severinonegri.com\/de\/wp-json\/wp\/v2\/pages\/15086\/revisions\/16296"}],"wp:attachment":[{"href":"https:\/\/www.severinonegri.com\/de\/wp-json\/wp\/v2\/media?parent=15086"}],"curies":[{"name":"wp","href":"https:\/\/api.w.org\/{rel}","templated":true}]}}