{"id":15098,"date":"2017-04-08T12:23:18","date_gmt":"2017-04-08T12:23:18","guid":{"rendered":"http:\/\/entw.sanju.ch\/?page_id=15098"},"modified":"2021-09-22T11:17:34","modified_gmt":"2021-09-22T11:17:34","slug":"kontakt","status":"publish","type":"page","link":"https:\/\/www.severinonegri.com\/de\/kontakt\/","title":{"rendered":"Kontaktieren Sie mich"},"content":{"rendered":"\t\t<div data-elementor-type=\"wp-page\" data-elementor-id=\"15098\" class=\"elementor elementor-15098 elementor-15062\">\n\t\t\t\t\t\t<section class=\"elementor-section elementor-top-section elementor-element elementor-element-1f6f7cd3 elementor-section-boxed elementor-section-height-default elementor-section-height-default parallax_section_no qode_elementor_container_no\" data-id=\"1f6f7cd3\" data-element_type=\"section\">\n\t\t\t\t\t\t<div class=\"elementor-container elementor-column-gap-default\">\n\t\t\t\t\t<div class=\"elementor-column elementor-col-100 elementor-top-column elementor-element elementor-element-24eb9e16\" data-id=\"24eb9e16\" data-element_type=\"column\">\n\t\t\t<div class=\"elementor-widget-wrap elementor-element-populated\">\n\t\t\t\t\t\t<div class=\"elementor-element elementor-element-6d865f90 elementor-widget elementor-widget-text-editor\" data-id=\"6d865f90\" data-element_type=\"widget\" data-widget_type=\"text-editor.default\">\n\t\t\t\t<div class=\"elementor-widget-container\">\n\t\t\t\t\t\t\t\t\t<h2 style=\"text-align: center;\">Get in Touch<\/h2><div>\u00a0<\/div><div>\u00a0<\/div><h3 style=\"text-align: center;\">Ich freue mich von Ihnen zu h\u00f6ren!<\/h3>\t\t\t\t\t\t\t\t<\/div>\n\t\t\t\t<\/div>\n\t\t\t\t\t<\/div>\n\t\t<\/div>\n\t\t\t\t\t<\/div>\n\t\t<\/section>\n\t\t\t\t<section class=\"elementor-section elementor-top-section elementor-element elementor-element-9010322 elementor-section-boxed elementor-section-height-default elementor-section-height-default parallax_section_no qode_elementor_container_no\" data-id=\"9010322\" data-element_type=\"section\">\n\t\t\t\t\t\t<div class=\"elementor-container elementor-column-gap-default\">\n\t\t\t\t\t<div class=\"elementor-column elementor-col-100 elementor-top-column elementor-element elementor-element-c462d37\" data-id=\"c462d37\" data-element_type=\"column\">\n\t\t\t<div class=\"elementor-widget-wrap elementor-element-populated\">\n\t\t\t\t\t\t<section class=\"elementor-section elementor-inner-section elementor-element elementor-element-242bc55 elementor-section-boxed elementor-section-height-default elementor-section-height-default parallax_section_no qode_elementor_container_no\" data-id=\"242bc55\" data-element_type=\"section\">\n\t\t\t\t\t\t<div class=\"elementor-container elementor-column-gap-default\">\n\t\t\t\t\t<div class=\"elementor-column elementor-col-50 elementor-inner-column elementor-element elementor-element-ec92e9f\" data-id=\"ec92e9f\" data-element_type=\"column\">\n\t\t\t<div class=\"elementor-widget-wrap elementor-element-populated\">\n\t\t\t\t\t\t<div class=\"elementor-element elementor-element-71e21e1 elementor-widget elementor-widget-text-editor\" data-id=\"71e21e1\" data-element_type=\"widget\" data-widget_type=\"text-editor.default\">\n\t\t\t\t<div class=\"elementor-widget-container\">\n\t\t\t\t\t\t\t\t\t<p style=\"text-align: left;\">F\u00fcr Buchungen und Kollaborationen, senden Sie mir eine Nachricht mit dem Formular rechts. Sie landet direkt in meiner pers\u00f6nlichen Inbox.<\/p><p>Oder kontaktieren Sie meine Agenturen:<\/p><h3 style=\"text-align: center;\"><strong>Schauspiel<\/strong><\/h3><div><p style=\"text-align: center;\"><b>Schweiz &amp; Deutschland<\/b><\/p><p style=\"text-align: center;\"><a href=\"http:\/\/www.abraham-management.de\/de\/Agentur\/\">Abraham Management<\/a><\/p><p style=\"text-align: center;\"><b>UK &amp; USA<\/b><\/p><p style=\"text-align: center;\"><a href=\"https:\/\/www.ntamanagement.co.uk\/\">New Town Artist Management<\/a><\/p><p style=\"text-align: center;\">\u00a0<\/p><\/div><h3 style=\"text-align: center;\">Model<\/h3><p style=\"text-align: center;\"><b>Schweiz &amp; <\/b><b>Deutschland<\/b><\/p><p style=\"text-align: center;\"><a href=\"https:\/\/www.jayjay-models.de\/\">JayJay Models<br \/><\/a><\/p><p style=\"text-align: center;\"><b>UK\/USA<\/b><\/p><p style=\"text-align: center;\"><a href=\"https:\/\/www.ntamanagement.co.uk\/\">New Town Artist Management<\/a><\/p>\t\t\t\t\t\t\t\t<\/div>\n\t\t\t\t<\/div>\n\t\t\t\t<div class=\"elementor-element elementor-element-b5e56be elementor-widget-divider--view-line elementor-widget elementor-widget-divider\" data-id=\"b5e56be\" data-element_type=\"widget\" data-widget_type=\"divider.default\">\n\t\t\t\t<div class=\"elementor-widget-container\">\n\t\t\t\t\t\t\t<div class=\"elementor-divider\">\n\t\t\t<span class=\"elementor-divider-separator\">\n\t\t\t\t\t\t<\/span>\n\t\t<\/div>\n\t\t\t\t\t\t<\/div>\n\t\t\t\t<\/div>\n\t\t\t\t<div class=\"elementor-element elementor-element-c693c9e elementor-widget elementor-widget-text-editor\" data-id=\"c693c9e\" data-element_type=\"widget\" data-widget_type=\"text-editor.default\">\n\t\t\t\t<div class=\"elementor-widget-container\">\n\t\t\t\t\t\t\t\t\t<div class=\"wpb_text_column wpb_content_element \"><div class=\"wpb_wrapper\"><h3>ADRESSE<\/h3><\/div><\/div><div class=\"separator transparent \">\u00a0<\/div><div class=\"wpb_text_column wpb_content_element \"><div class=\"wpb_wrapper\"><p>Severino Negri<\/p><p>c\/o NTA New Town Artist Management Ltd.<\/p><p>Units 2, Arts Center Washington<\/p><p>Biddick Lane<\/p><p>Fatfield<\/p><p>Washington, Tyne and Wear<\/p><p>NE38 8AB<\/p><p>UK<\/p><p>Phone: +44 (0)7450 053630<\/p><p>Email: <a href=\"mailto:hello@ntamanagement.co.uk\">hello@ntamanagement.co.uk<\/a><\/p><p>Web: <a href=\"https:\/\/www.ntamanagement.co.uk\/\">www.ntamanagement.co.uk<\/a><\/p><p>Agents: Craig Conway and Andrea Davison<\/p><\/div><\/div>\t\t\t\t\t\t\t\t<\/div>\n\t\t\t\t<\/div>\n\t\t\t\t<div class=\"elementor-element elementor-element-ef94d37 elementor-widget elementor-widget-text-editor\" data-id=\"ef94d37\" data-element_type=\"widget\" data-widget_type=\"text-editor.default\">\n\t\t\t\t<div class=\"elementor-widget-container\">\n\t\t\t\t\t\t\t\t\t<p>Sie f\u00fchlen sich sozial? Kontaktieren Sie mich hier:<\/p>\n\t\t\t\t\t\t\t\t<\/div>\n\t\t\t\t<\/div>\n\t\t\t\t<div class=\"elementor-element elementor-element-3269c44 e-grid-align-left elementor-shape-rounded elementor-grid-0 elementor-widget elementor-widget-social-icons\" data-id=\"3269c44\" data-element_type=\"widget\" data-widget_type=\"social-icons.default\">\n\t\t\t\t<div class=\"elementor-widget-container\">\n\t\t\t\t\t\t\t<div class=\"elementor-social-icons-wrapper elementor-grid\" role=\"list\">\n\t\t\t\t\t\t\t<span class=\"elementor-grid-item\" role=\"listitem\">\n\t\t\t\t\t<a class=\"elementor-icon elementor-social-icon elementor-social-icon-instagram elementor-repeater-item-01ddbbc\" href=\"https:\/\/www.instagram.com\/severinonegri\/\" target=\"_blank\">\n\t\t\t\t\t\t<span class=\"elementor-screen-only\">Instagram<\/span>\n\t\t\t\t\t\t<i aria-hidden=\"true\" class=\"fab fa-instagram\"><\/i>\t\t\t\t\t<\/a>\n\t\t\t\t<\/span>\n\t\t\t\t\t\t\t<span class=\"elementor-grid-item\" role=\"listitem\">\n\t\t\t\t\t<a class=\"elementor-icon elementor-social-icon elementor-social-icon-facebook-square elementor-repeater-item-62c99e7\" href=\"https:\/\/www.facebook.com\/official.severinonegri\/\" target=\"_blank\">\n\t\t\t\t\t\t<span class=\"elementor-screen-only\">Facebook-square<\/span>\n\t\t\t\t\t\t<i aria-hidden=\"true\" class=\"fab fa-facebook-square\"><\/i>\t\t\t\t\t<\/a>\n\t\t\t\t<\/span>\n\t\t\t\t\t\t\t<span class=\"elementor-grid-item\" role=\"listitem\">\n\t\t\t\t\t<a class=\"elementor-icon elementor-social-icon elementor-social-icon-twitter elementor-repeater-item-a60a2cd\" href=\"https:\/\/twitter.com\/SeverinoNegri\" target=\"_blank\">\n\t\t\t\t\t\t<span class=\"elementor-screen-only\">Twitter<\/span>\n\t\t\t\t\t\t<i aria-hidden=\"true\" class=\"fab fa-twitter\"><\/i>\t\t\t\t\t<\/a>\n\t\t\t\t<\/span>\n\t\t\t\t\t\t\t<span class=\"elementor-grid-item\" role=\"listitem\">\n\t\t\t\t\t<a class=\"elementor-icon elementor-social-icon elementor-social-icon-linkedin elementor-repeater-item-89a362e\" href=\"https:\/\/www.linkedin.com\/in\/severino-negri\/\" target=\"_blank\">\n\t\t\t\t\t\t<span class=\"elementor-screen-only\">Linkedin<\/span>\n\t\t\t\t\t\t<i aria-hidden=\"true\" class=\"fab fa-linkedin\"><\/i>\t\t\t\t\t<\/a>\n\t\t\t\t<\/span>\n\t\t\t\t\t<\/div>\n\t\t\t\t\t\t<\/div>\n\t\t\t\t<\/div>\n\t\t\t\t\t<\/div>\n\t\t<\/div>\n\t\t\t\t<div class=\"elementor-column elementor-col-50 elementor-inner-column elementor-element elementor-element-306499d\" data-id=\"306499d\" data-element_type=\"column\">\n\t\t\t<div class=\"elementor-widget-wrap elementor-element-populated\">\n\t\t\t\t\t\t<div class=\"elementor-element elementor-element-458678c elementor-widget elementor-widget-void-section-cf7\" data-id=\"458678c\" data-element_type=\"widget\" data-widget_type=\"void-section-cf7.default\">\n\t\t\t\t<div class=\"elementor-widget-container\">\n\t\t\t\t\t \t\t\t<script>\r\n \t\t\t        var theform = document.querySelector('.void-cf7-0');\r\n\t\t\t\t\t\ttheform.addEventListener( 'wpcf7mailsent', function( event ) {\r\n\t\t\t\t\t    location = 'https:\/\/www.severinonegri.com\/de\/kontakt\/';\r\n\t\t\t\t\t}, false );\r\n\t\t\t<\/script>\r\n\r\n\t\t\t\t\t\t<\/div>\n\t\t\t\t<\/div>\n\t\t\t\t\t<\/div>\n\t\t<\/div>\n\t\t\t\t\t<\/div>\n\t\t<\/section>\n\t\t\t\t\t<\/div>\n\t\t<\/div>\n\t\t\t\t\t<\/div>\n\t\t<\/section>\n\t\t\t\t<\/div>\n\t\t","protected":false},"excerpt":{"rendered":"<p>Get in Touch \u00a0\u00a0 Ich freue mich von Ihnen zu h\u00f6ren! F\u00fcr Buchungen und Kollaborationen, senden Sie mir eine Nachricht mit dem Formular rechts. Sie landet direkt in meiner pers\u00f6nlichen Inbox. Oder kontaktieren Sie meine Agenturen: Schauspiel Schweiz &amp; Deutschland Abraham Management UK &amp; USA&#8230;<\/p>\n","protected":false},"author":1,"featured_media":0,"parent":0,"menu_order":0,"comment_status":"closed","ping_status":"closed","template":"","meta":{"footnotes":""},"class_list":["post-15098","page","type-page","status-publish","hentry"],"_links":{"self":[{"href":"https:\/\/www.severinonegri.com\/de\/wp-json\/wp\/v2\/pages\/15098","targetHints":{"allow":["GET"]}}],"collection":[{"href":"https:\/\/www.severinonegri.com\/de\/wp-json\/wp\/v2\/pages"}],"about":[{"href":"https:\/\/www.severinonegri.com\/de\/wp-json\/wp\/v2\/types\/page"}],"author":[{"embeddable":true,"href":"https:\/\/www.severinonegri.com\/de\/wp-json\/wp\/v2\/users\/1"}],"replies":[{"embeddable":true,"href":"https:\/\/www.severinonegri.com\/de\/wp-json\/wp\/v2\/comments?post=15098"}],"version-history":[{"count":27,"href":"https:\/\/www.severinonegri.com\/de\/wp-json\/wp\/v2\/pages\/15098\/revisions"}],"predecessor-version":[{"id":16789,"href":"https:\/\/www.severinonegri.com\/de\/wp-json\/wp\/v2\/pages\/15098\/revisions\/16789"}],"wp:attachment":[{"href":"https:\/\/www.severinonegri.com\/de\/wp-json\/wp\/v2\/media?parent=15098"}],"curies":[{"name":"wp","href":"https:\/\/api.w.org\/{rel}","templated":true}]}}