{"id":16591,"date":"2021-01-22T14:59:06","date_gmt":"2021-01-22T14:59:06","guid":{"rendered":"http:\/\/www.severinonegri.com\/?page_id=16591"},"modified":"2021-01-22T15:26:59","modified_gmt":"2021-01-22T15:26:59","slug":"work","status":"publish","type":"page","link":"https:\/\/www.severinonegri.com\/de\/work\/","title":{"rendered":"Work"},"content":{"rendered":"\t\t<div data-elementor-type=\"wp-page\" data-elementor-id=\"16591\" class=\"elementor elementor-16591 elementor-16590\">\n\t\t\t\t\t\t<section class=\"elementor-section elementor-top-section elementor-element elementor-element-88e84c8 elementor-section-stretched elementor-section-boxed elementor-section-height-default elementor-section-height-default parallax_section_no qode_elementor_container_no\" data-id=\"88e84c8\" data-element_type=\"section\" data-settings=\"{&quot;stretch_section&quot;:&quot;section-stretched&quot;,&quot;background_background&quot;:&quot;gradient&quot;}\">\n\t\t\t\t\t\t<div class=\"elementor-container elementor-column-gap-default\">\n\t\t\t\t\t<div class=\"elementor-column elementor-col-100 elementor-top-column elementor-element elementor-element-3b7b093\" data-id=\"3b7b093\" data-element_type=\"column\">\n\t\t\t<div class=\"elementor-widget-wrap elementor-element-populated\">\n\t\t\t\t\t\t<div class=\"elementor-element elementor-element-f81fc8f elementor-widget elementor-widget-heading\" data-id=\"f81fc8f\" data-element_type=\"widget\" data-widget_type=\"heading.default\">\n\t\t\t\t<div class=\"elementor-widget-container\">\n\t\t\t\t\t<h2 class=\"elementor-heading-title elementor-size-default\">Arbeit in Spielfilmen, TV-Serien und Kurzfilmen<\/h2>\t\t\t\t<\/div>\n\t\t\t\t<\/div>\n\t\t\t\t<div class=\"elementor-element elementor-element-b38f285 elementor-widget-divider--view-line elementor-widget elementor-widget-divider\" data-id=\"b38f285\" data-element_type=\"widget\" data-widget_type=\"divider.default\">\n\t\t\t\t<div class=\"elementor-widget-container\">\n\t\t\t\t\t\t\t<div class=\"elementor-divider\">\n\t\t\t<span class=\"elementor-divider-separator\">\n\t\t\t\t\t\t<\/span>\n\t\t<\/div>\n\t\t\t\t\t\t<\/div>\n\t\t\t\t<\/div>\n\t\t\t\t<div class=\"elementor-element elementor-element-aab24b0 elementor-widget elementor-widget-heading\" data-id=\"aab24b0\" data-element_type=\"widget\" data-widget_type=\"heading.default\">\n\t\t\t\t<div class=\"elementor-widget-container\">\n\t\t\t\t\t<h2 class=\"elementor-heading-title elementor-size-default\">Spielfilme<\/h2>\t\t\t\t<\/div>\n\t\t\t\t<\/div>\n\t\t\t\t<div class=\"elementor-element elementor-element-f5b029f elementor-widget elementor-widget-bridge_workflow\" data-id=\"f5b029f\" data-element_type=\"widget\" data-widget_type=\"bridge_workflow.default\">\n\t\t\t\t<div class=\"elementor-widget-container\">\n\t\t\t\t\t\n        <div class=\"qode-workflow  qode-workflow-animate\">\n            <span class=\"main-line\" style=\"background-color:#006666;\"><\/span>\n            <div class=\"qode-workflow-item\">\n    <span class=\"line\" style=\"background-color:#006666;\"><\/span>\n    <div class=\"qode-workflow-item-inner \">\n        <div class=\"qode-workflow-image right\">\n            <img decoding=\"async\" width=\"182\" height=\"268\" src=\"https:\/\/www.severinonegri.com\/wp-content\/uploads\/RedDressSoliloquy.jpg\" class=\"attachment-full size-full\" alt=\"Red Dress Soliloquy\" \/>        <\/div>\n        <div class=\"qode-workflow-text\">\n            <span class=\"circle\" style=\"border-color:#006666;background-color:#006666;\"><\/span>\n                            <h3>2021<\/h3>\n                                        <h2 class=\"qode-workflow-subtitle\">Red Dress Soliloquy<\/h2>\n                                        <p class=\"text\">Rolle: He (HR)<br>Regie: Aleta Chapelle<br>Genre: US Drama<br>Spielfilm<br>In Post Produktion<\/p>\n                    <\/div>\n    <\/div>\n<\/div><div class=\"qode-workflow-item\">\n    <span class=\"line\" style=\"background-color:#006666;\"><\/span>\n    <div class=\"qode-workflow-item-inner reverse\">\n        <div class=\"qode-workflow-image left\">\n            <img decoding=\"async\" width=\"182\" height=\"268\" src=\"https:\/\/www.severinonegri.com\/wp-content\/uploads\/Amants.jpg\" class=\"attachment-full size-full\" alt=\"Amants\" \/>        <\/div>\n        <div class=\"qode-workflow-text\">\n            <span class=\"circle\" style=\"border-color:#006666;background-color:#006666;\"><\/span>\n                            <h3>2020<\/h3>\n                                        <h2 class=\"qode-workflow-subtitle\">Amants<\/h2>\n                                        <p class=\"text\">Rolle: Expert<br>Regie: Nicole Garcia<br>Genre: Franz\u00f6sischer Thriller<br>Spielfilm<\/p>\n                    <\/div>\n    <\/div>\n<\/div>        <\/div>\n\n        \t\t\t\t<\/div>\n\t\t\t\t<\/div>\n\t\t\t\t\t<\/div>\n\t\t<\/div>\n\t\t\t\t\t<\/div>\n\t\t<\/section>\n\t\t\t\t<section class=\"elementor-section elementor-top-section elementor-element elementor-element-eb8bbfd elementor-section-stretched elementor-section-boxed elementor-section-height-default elementor-section-height-default parallax_section_no qode_elementor_container_no\" data-id=\"eb8bbfd\" data-element_type=\"section\" data-settings=\"{&quot;stretch_section&quot;:&quot;section-stretched&quot;,&quot;background_background&quot;:&quot;gradient&quot;}\">\n\t\t\t\t\t\t<div class=\"elementor-container elementor-column-gap-default\">\n\t\t\t\t\t<div class=\"elementor-column elementor-col-100 elementor-top-column elementor-element elementor-element-38be414\" data-id=\"38be414\" data-element_type=\"column\">\n\t\t\t<div class=\"elementor-widget-wrap elementor-element-populated\">\n\t\t\t\t\t\t<div class=\"elementor-element elementor-element-a9e433c elementor-widget-divider--view-line elementor-widget elementor-widget-divider\" data-id=\"a9e433c\" data-element_type=\"widget\" data-widget_type=\"divider.default\">\n\t\t\t\t<div class=\"elementor-widget-container\">\n\t\t\t\t\t\t\t<div class=\"elementor-divider\">\n\t\t\t<span class=\"elementor-divider-separator\">\n\t\t\t\t\t\t<\/span>\n\t\t<\/div>\n\t\t\t\t\t\t<\/div>\n\t\t\t\t<\/div>\n\t\t\t\t<div class=\"elementor-element elementor-element-755e72e elementor-widget elementor-widget-heading\" data-id=\"755e72e\" data-element_type=\"widget\" data-widget_type=\"heading.default\">\n\t\t\t\t<div class=\"elementor-widget-container\">\n\t\t\t\t\t<h2 class=\"elementor-heading-title elementor-size-default\">Serien<\/h2>\t\t\t\t<\/div>\n\t\t\t\t<\/div>\n\t\t\t\t<div class=\"elementor-element elementor-element-90ffa3d elementor-widget elementor-widget-bridge_workflow\" data-id=\"90ffa3d\" data-element_type=\"widget\" data-widget_type=\"bridge_workflow.default\">\n\t\t\t\t<div class=\"elementor-widget-container\">\n\t\t\t\t\t\n        <div class=\"qode-workflow  qode-workflow-animate\">\n            <span class=\"main-line\" style=\"background-color:#006666;\"><\/span>\n            <div class=\"qode-workflow-item\">\n    <span class=\"line\" style=\"background-color:#006666;\"><\/span>\n    <div class=\"qode-workflow-item-inner \">\n        <div class=\"qode-workflow-image right\">\n            <img decoding=\"async\" width=\"182\" height=\"268\" src=\"https:\/\/www.severinonegri.com\/wp-content\/uploads\/CrashLandingOnYou.jpg\" class=\"attachment-full size-full\" alt=\"Crash Landing on You\" \/>        <\/div>\n        <div class=\"qode-workflow-text\">\n            <span class=\"circle\" style=\"border-color:#006666;background-color:#006666;\"><\/span>\n                            <h3>2019<\/h3>\n                                        <h2 class=\"qode-workflow-subtitle\">Crash Landing on You<\/h2>\n                                        <p class=\"text\">Rolle: Kellner<br>Regie: Jung Hyo Lee<br>Genre: S\u00fcdkoreanische Romantikom\u00f6die<br>Netflix Serie<br>Original Titel: Sa-rang-eui bul-sa-chak<\/p>\n                    <\/div>\n    <\/div>\n<\/div><div class=\"qode-workflow-item\">\n    <span class=\"line\" style=\"background-color:#006666;\"><\/span>\n    <div class=\"qode-workflow-item-inner reverse\">\n        <div class=\"qode-workflow-image left\">\n            <img loading=\"lazy\" decoding=\"async\" width=\"182\" height=\"268\" src=\"https:\/\/www.severinonegri.com\/wp-content\/uploads\/Tatort.jpg\" class=\"attachment-full size-full\" alt=\"Tatort\" \/>        <\/div>\n        <div class=\"qode-workflow-text\">\n            <span class=\"circle\" style=\"border-color:#006666;background-color:#006666;\"><\/span>\n                            <h3>2018<\/h3>\n                                        <h2 class=\"qode-workflow-subtitle\">Tatort<\/h2>\n                                        <p class=\"text\">Rolle: VIP Gast<br>Regie: Dani Levy<br>Genre: Krimi<br>TV-Serie<\/p>\n                    <\/div>\n    <\/div>\n<\/div><div class=\"qode-workflow-item\">\n    <span class=\"line\" style=\"background-color:#006666;\"><\/span>\n    <div class=\"qode-workflow-item-inner \">\n        <div class=\"qode-workflow-image right\">\n            <img loading=\"lazy\" decoding=\"async\" width=\"182\" height=\"268\" src=\"https:\/\/www.severinonegri.com\/wp-content\/uploads\/DerBestatter.jpg\" class=\"attachment-full size-full\" alt=\"Der Bestatter\" \/>        <\/div>\n        <div class=\"qode-workflow-text\">\n            <span class=\"circle\" style=\"border-color:#006666;background-color:#006666;\"><\/span>\n                            <h3>2016<\/h3>\n                                        <h2 class=\"qode-workflow-subtitle\">Der Bestatter<\/h2>\n                                        <p class=\"text\">Rolle: Spurensicherer<br>Regie: Tom Gerber<br>Genre: Krimi<br>TV-Serie<\/p>\n                    <\/div>\n    <\/div>\n<\/div>        <\/div>\n\n        \t\t\t\t<\/div>\n\t\t\t\t<\/div>\n\t\t\t\t\t<\/div>\n\t\t<\/div>\n\t\t\t\t\t<\/div>\n\t\t<\/section>\n\t\t\t\t<section class=\"elementor-section elementor-top-section elementor-element elementor-element-8202039 elementor-section-stretched elementor-section-boxed elementor-section-height-default elementor-section-height-default parallax_section_no qode_elementor_container_no\" data-id=\"8202039\" data-element_type=\"section\" data-settings=\"{&quot;stretch_section&quot;:&quot;section-stretched&quot;,&quot;background_background&quot;:&quot;gradient&quot;}\">\n\t\t\t\t\t\t<div class=\"elementor-container elementor-column-gap-default\">\n\t\t\t\t\t<div class=\"elementor-column elementor-col-100 elementor-top-column elementor-element elementor-element-9f7d6d9\" data-id=\"9f7d6d9\" data-element_type=\"column\">\n\t\t\t<div class=\"elementor-widget-wrap elementor-element-populated\">\n\t\t\t\t\t\t<div class=\"elementor-element elementor-element-5fd3a02 elementor-widget-divider--view-line elementor-widget elementor-widget-divider\" data-id=\"5fd3a02\" data-element_type=\"widget\" data-widget_type=\"divider.default\">\n\t\t\t\t<div class=\"elementor-widget-container\">\n\t\t\t\t\t\t\t<div class=\"elementor-divider\">\n\t\t\t<span class=\"elementor-divider-separator\">\n\t\t\t\t\t\t<\/span>\n\t\t<\/div>\n\t\t\t\t\t\t<\/div>\n\t\t\t\t<\/div>\n\t\t\t\t<div class=\"elementor-element elementor-element-0b420b1 elementor-widget elementor-widget-heading\" data-id=\"0b420b1\" data-element_type=\"widget\" data-widget_type=\"heading.default\">\n\t\t\t\t<div class=\"elementor-widget-container\">\n\t\t\t\t\t<h2 class=\"elementor-heading-title elementor-size-default\">Kurzfilme<\/h2>\t\t\t\t<\/div>\n\t\t\t\t<\/div>\n\t\t\t\t<div class=\"elementor-element elementor-element-96e6cd9 elementor-widget elementor-widget-bridge_workflow\" data-id=\"96e6cd9\" data-element_type=\"widget\" data-widget_type=\"bridge_workflow.default\">\n\t\t\t\t<div class=\"elementor-widget-container\">\n\t\t\t\t\t\n        <div class=\"qode-workflow  qode-workflow-animate\">\n            <span class=\"main-line\" style=\"background-color:#006666;\"><\/span>\n            <div class=\"qode-workflow-item\">\n    <span class=\"line\" style=\"background-color:#006666;\"><\/span>\n    <div class=\"qode-workflow-item-inner \">\n        <div class=\"qode-workflow-image right\">\n            <img loading=\"lazy\" decoding=\"async\" width=\"182\" height=\"268\" src=\"https:\/\/www.severinonegri.com\/wp-content\/uploads\/TheTrap.jpg\" class=\"attachment-full size-full\" alt=\"The Trap\" \/>        <\/div>\n        <div class=\"qode-workflow-text\">\n            <span class=\"circle\" style=\"border-color:#006666;background-color:#006666;\"><\/span>\n                            <h3>2021<\/h3>\n                                        <h2 class=\"qode-workflow-subtitle\">The Trap<\/h2>\n                                        <p class=\"text\">Rolle: Obdachloser Undercover Agent (NR)<br>Regie: Richard Paraiso<br>Genre: Krimi<br>Kurzfilm<br>In Post Produktion<\/p>\n                    <\/div>\n    <\/div>\n<\/div><div class=\"qode-workflow-item\">\n    <span class=\"line\" style=\"background-color:#006666;\"><\/span>\n    <div class=\"qode-workflow-item-inner reverse\">\n        <div class=\"qode-workflow-image left\">\n            <img loading=\"lazy\" decoding=\"async\" width=\"182\" height=\"268\" src=\"https:\/\/www.severinonegri.com\/wp-content\/uploads\/MrCromwell.jpg\" class=\"attachment-full size-full\" alt=\"Mr. Cromwell\" \/>        <\/div>\n        <div class=\"qode-workflow-text\">\n            <span class=\"circle\" style=\"border-color:#006666;background-color:#006666;\"><\/span>\n                            <h3>2017<\/h3>\n                                        <h2 class=\"qode-workflow-subtitle\">Mr. Cromwell<\/h2>\n                                        <p class=\"text\">Rolle: Mr. Cromwell (HR)<br>Regie: Pascal Schmidlin<br>Genre: Kom\u00f6die<br>Kurzfilm<\/p>\n                    <\/div>\n    <\/div>\n<\/div><div class=\"qode-workflow-item\">\n    <span class=\"line\" style=\"background-color:#006666;\"><\/span>\n    <div class=\"qode-workflow-item-inner \">\n        <div class=\"qode-workflow-image right\">\n            <img loading=\"lazy\" decoding=\"async\" width=\"182\" height=\"268\" src=\"https:\/\/www.severinonegri.com\/wp-content\/uploads\/ThePickupArtist.jpg\" class=\"attachment-full size-full\" alt=\"The Pickup Artist\" \/>        <\/div>\n        <div class=\"qode-workflow-text\">\n            <span class=\"circle\" style=\"border-color:#006666;background-color:#006666;\"><\/span>\n                            <h3>2017<\/h3>\n                                        <h2 class=\"qode-workflow-subtitle\">The Pickup Artist<\/h2>\n                                        <p class=\"text\">Rolle: Steven<br>Regie: Eliad Lienhardt<br>Genre: Drama<br>Kurzfilm<\/p>\n                    <\/div>\n    <\/div>\n<\/div><div class=\"qode-workflow-item\">\n    <span class=\"line\" style=\"background-color:#006666;\"><\/span>\n    <div class=\"qode-workflow-item-inner reverse\">\n        <div class=\"qode-workflow-image left\">\n            <img loading=\"lazy\" decoding=\"async\" width=\"182\" height=\"268\" src=\"https:\/\/www.severinonegri.com\/wp-content\/uploads\/WhereTheEdelweissAre.jpg\" class=\"attachment-full size-full\" alt=\"Where The Edelweiss Are\" \/>        <\/div>\n        <div class=\"qode-workflow-text\">\n            <span class=\"circle\" style=\"border-color:#006666;background-color:#006666;\"><\/span>\n                            <h3>2017<\/h3>\n                                        <h2 class=\"qode-workflow-subtitle\">Where the EDELWEISS are<\/h2>\n                                        <p class=\"text\">Rolle: Darren (HR)<br>Regie: Lydia Zimmermann<br>Genre: Drama<br>Kurzfilm<\/p>\n                    <\/div>\n    <\/div>\n<\/div><div class=\"qode-workflow-item\">\n    <span class=\"line\" style=\"background-color:#006666;\"><\/span>\n    <div class=\"qode-workflow-item-inner \">\n        <div class=\"qode-workflow-image right\">\n            <img loading=\"lazy\" decoding=\"async\" width=\"182\" height=\"268\" src=\"https:\/\/www.severinonegri.com\/wp-content\/uploads\/HighHorses.jpg\" class=\"attachment-full size-full\" alt=\"\" \/>        <\/div>\n        <div class=\"qode-workflow-text\">\n            <span class=\"circle\" style=\"border-color:#006666;background-color:#006666;\"><\/span>\n                            <h3>2017<\/h3>\n                                        <h2 class=\"qode-workflow-subtitle\">Hight Horses<\/h2>\n                                        <p class=\"text\">Rolle: Daniel (HR)<br>Regie: Ruben Assenberg van Eijsden<br>Genre: Drama<br>Kurzfilm<\/p>\n                    <\/div>\n    <\/div>\n<\/div><div class=\"qode-workflow-item\">\n    <span class=\"line\" style=\"background-color:#006666;\"><\/span>\n    <div class=\"qode-workflow-item-inner reverse\">\n        <div class=\"qode-workflow-image left\">\n            <img loading=\"lazy\" decoding=\"async\" width=\"182\" height=\"268\" src=\"https:\/\/www.severinonegri.com\/wp-content\/uploads\/RivalKingsFever.jpg\" class=\"attachment-full size-full\" alt=\"Rival Kings Fever\" \/>        <\/div>\n        <div class=\"qode-workflow-text\">\n            <span class=\"circle\" style=\"border-color:#006666;background-color:#006666;\"><\/span>\n                            <h3>2016<\/h3>\n                                        <h2 class=\"qode-workflow-subtitle\">Rival Kings: Fever<\/h2>\n                                        <p class=\"text\">Rolle: Tom (HR)<br>Regie: Andy Attenhofer<br>Genre: Drama<br>Musik Video<\/p>\n                    <\/div>\n    <\/div>\n<\/div><div class=\"qode-workflow-item\">\n    <span class=\"line\" style=\"background-color:#006666;\"><\/span>\n    <div class=\"qode-workflow-item-inner \">\n        <div class=\"qode-workflow-image right\">\n            <img loading=\"lazy\" decoding=\"async\" width=\"182\" height=\"268\" src=\"https:\/\/www.severinonegri.com\/wp-content\/uploads\/OutOfTheLine.jpg\" class=\"attachment-full size-full\" alt=\"Out Of The Line\" \/>        <\/div>\n        <div class=\"qode-workflow-text\">\n            <span class=\"circle\" style=\"border-color:#006666;background-color:#006666;\"><\/span>\n                            <h3>2015<\/h3>\n                                        <h2 class=\"qode-workflow-subtitle\">Out of the Line<\/h2>\n                                        <p class=\"text\">Rolle: Mike (LR)<br>Regie: Fabrizio Daniele<br>Genre: Drama<br>Kurzfilm<\/p>\n                    <\/div>\n    <\/div>\n<\/div><div class=\"qode-workflow-item\">\n    <span class=\"line\" style=\"background-color:#006666;\"><\/span>\n    <div class=\"qode-workflow-item-inner reverse\">\n        <div class=\"qode-workflow-image left\">\n            <img loading=\"lazy\" decoding=\"async\" width=\"182\" height=\"268\" src=\"https:\/\/www.severinonegri.com\/wp-content\/uploads\/TheOnesWhoHadLoved.jpg\" class=\"attachment-full size-full\" alt=\"The Ones Who Had Loved\" \/>        <\/div>\n        <div class=\"qode-workflow-text\">\n            <span class=\"circle\" style=\"border-color:#006666;background-color:#006666;\"><\/span>\n                            <h3>2014<\/h3>\n                                        <h2 class=\"qode-workflow-subtitle\">The Ones Who Had Loved<\/h2>\n                                        <p class=\"text\">Rolle: Luke (HR)<br>Regie: Tobias Straka<br>Genre: Romanze<br>Kurzfilm<\/p>\n                    <\/div>\n    <\/div>\n<\/div><div class=\"qode-workflow-item\">\n    <span class=\"line\" style=\"background-color:#006666;\"><\/span>\n    <div class=\"qode-workflow-item-inner \">\n        <div class=\"qode-workflow-image right\">\n            <img loading=\"lazy\" decoding=\"async\" width=\"182\" height=\"268\" src=\"https:\/\/www.severinonegri.com\/wp-content\/uploads\/Zufall.jpg\" class=\"attachment-full size-full\" alt=\"Zufall\" \/>        <\/div>\n        <div class=\"qode-workflow-text\">\n            <span class=\"circle\" style=\"border-color:#006666;background-color:#006666;\"><\/span>\n                            <h3>2014<\/h3>\n                                        <h2 class=\"qode-workflow-subtitle\">Zufall<\/h2>\n                                        <p class=\"text\">Rolle: Dell (HR)<br>Regie: Ruben Assenberg van Eijsden<br>Genre: Kom\u00f6die<br>Kurzfilm<\/p>\n                    <\/div>\n    <\/div>\n<\/div><div class=\"qode-workflow-item\">\n    <span class=\"line\" style=\"background-color:#006666;\"><\/span>\n    <div class=\"qode-workflow-item-inner reverse\">\n        <div class=\"qode-workflow-image left\">\n            <img loading=\"lazy\" decoding=\"async\" width=\"182\" height=\"268\" src=\"https:\/\/www.severinonegri.com\/wp-content\/uploads\/DasWiedersehen.jpg\" class=\"attachment-full size-full\" alt=\"Das Wiedersehen\" \/>        <\/div>\n        <div class=\"qode-workflow-text\">\n            <span class=\"circle\" style=\"border-color:#006666;background-color:#006666;\"><\/span>\n                            <h3>2014<\/h3>\n                                        <h2 class=\"qode-workflow-subtitle\">10 Franken - Das Wiedersehen<\/h2>\n                                        <p class=\"text\">Rolle: Ben (HR)<br>Regie: Martin Albisetti<br>Genre: Drama<br>Kurzfilm<\/p>\n                    <\/div>\n    <\/div>\n<\/div><div class=\"qode-workflow-item\">\n    <span class=\"line\" style=\"background-color:#006666;\"><\/span>\n    <div class=\"qode-workflow-item-inner \">\n        <div class=\"qode-workflow-image right\">\n            <img loading=\"lazy\" decoding=\"async\" width=\"182\" height=\"268\" src=\"https:\/\/www.severinonegri.com\/wp-content\/uploads\/VonLiebeUmgeben.jpg\" class=\"attachment-full size-full\" alt=\"Von Liebe Umgeben\" \/>        <\/div>\n        <div class=\"qode-workflow-text\">\n            <span class=\"circle\" style=\"border-color:#006666;background-color:#006666;\"><\/span>\n                            <h3>2014<\/h3>\n                                        <h2 class=\"qode-workflow-subtitle\">Von Liebe umgeben<\/h2>\n                                        <p class=\"text\">Rolle: Lars (NR) <br>Regie: Joel Gubser and Cyrille Gsell<br>Genre: Romanze<br>Kurzfilm<\/p>\n                    <\/div>\n    <\/div>\n<\/div><div class=\"qode-workflow-item\">\n    <span class=\"line\" style=\"background-color:#006666;\"><\/span>\n    <div class=\"qode-workflow-item-inner reverse\">\n        <div class=\"qode-workflow-image left\">\n            <img loading=\"lazy\" decoding=\"async\" width=\"182\" height=\"268\" src=\"https:\/\/www.severinonegri.com\/wp-content\/uploads\/RunBoyRun.jpg\" class=\"attachment-full size-full\" alt=\"Run Boy Run\" \/>        <\/div>\n        <div class=\"qode-workflow-text\">\n            <span class=\"circle\" style=\"border-color:#006666;background-color:#006666;\"><\/span>\n                            <h3>2014<\/h3>\n                                        <h2 class=\"qode-workflow-subtitle\">Run Boy Run<\/h2>\n                                        <p class=\"text\">Rolle: Mr. J. (NR)<br>Regie: Marion Bangerter<br>Genre: Thriller<br>Kurzfilm<\/p>\n                    <\/div>\n    <\/div>\n<\/div>        <\/div>\n\n        \t\t\t\t<\/div>\n\t\t\t\t<\/div>\n\t\t\t\t\t<\/div>\n\t\t<\/div>\n\t\t\t\t\t<\/div>\n\t\t<\/section>\n\t\t\t\t<\/div>\n\t\t","protected":false},"excerpt":{"rendered":"<p>Arbeit in Spielfilmen, TV-Serien und Kurzfilmen Spielfilme 2021 Red Dress Soliloquy Rolle: He (HR)Regie: Aleta ChapelleGenre: US DramaSpielfilmIn Post Produktion 2020 Amants Rolle: ExpertRegie: Nicole GarciaGenre: Franz\u00f6sischer ThrillerSpielfilm Serien 2019 Crash Landing on You Rolle: KellnerRegie: Jung Hyo LeeGenre: S\u00fcdkoreanische Romantikom\u00f6dieNetflix SerieOriginal Titel: Sa-rang-eui bul-sa-chak&#8230;<\/p>\n","protected":false},"author":1,"featured_media":0,"parent":0,"menu_order":0,"comment_status":"closed","ping_status":"closed","template":"","meta":{"footnotes":""},"class_list":["post-16591","page","type-page","status-publish","hentry"],"_links":{"self":[{"href":"https:\/\/www.severinonegri.com\/de\/wp-json\/wp\/v2\/pages\/16591","targetHints":{"allow":["GET"]}}],"collection":[{"href":"https:\/\/www.severinonegri.com\/de\/wp-json\/wp\/v2\/pages"}],"about":[{"href":"https:\/\/www.severinonegri.com\/de\/wp-json\/wp\/v2\/types\/page"}],"author":[{"embeddable":true,"href":"https:\/\/www.severinonegri.com\/de\/wp-json\/wp\/v2\/users\/1"}],"replies":[{"embeddable":true,"href":"https:\/\/www.severinonegri.com\/de\/wp-json\/wp\/v2\/comments?post=16591"}],"version-history":[{"count":8,"href":"https:\/\/www.severinonegri.com\/de\/wp-json\/wp\/v2\/pages\/16591\/revisions"}],"predecessor-version":[{"id":16704,"href":"https:\/\/www.severinonegri.com\/de\/wp-json\/wp\/v2\/pages\/16591\/revisions\/16704"}],"wp:attachment":[{"href":"https:\/\/www.severinonegri.com\/de\/wp-json\/wp\/v2\/media?parent=16591"}],"curies":[{"name":"wp","href":"https:\/\/api.w.org\/{rel}","templated":true}]}}